{"id":8296,"date":"2024-12-17T10:48:08","date_gmt":"2024-12-17T07:48:08","guid":{"rendered":"https:\/\/dincmetalsehpa.com\/?post_type=product&#038;p=8296"},"modified":"2026-01-15T12:36:38","modified_gmt":"2026-01-15T09:36:38","slug":"kare-totem-zigon-sehpa-krom-kaplama-siyah-cam","status":"publish","type":"product","link":"https:\/\/dincmetalsehpa.com\/index.php\/urun\/kare-totem-zigon-sehpa-krom-kaplama-siyah-cam\/","title":{"rendered":"Kare Totem Zigon Sehpa Krom Kaplama Siyah cam"},"content":{"rendered":"<p>-\u00dcr\u00fcn metal k\u0131sm\u0131 krom kaplamad\u0131r.<\/p>\n<p>-\u00dcr\u00fcn \u00fcst k\u0131sm\u0131 siyah camd\u0131r.<\/p>\n<p>-\u00dcr\u00fcn 3 l\u00fc zigon sehpa tak\u0131m\u0131d\u0131r.<\/p>\n","protected":false},"excerpt":{"rendered":"<p>-\u00dcr\u00fcn metal k\u0131sm\u0131 krom kaplamad\u0131r. -\u00dcr\u00fcn \u00fcst k\u0131sm\u0131 siyah camd\u0131r. -\u00dcr\u00fcn 3 l\u00fc zigon sehpa tak\u0131m\u0131d\u0131r.<\/p>\n","protected":false},"featured_media":8297,"comment_status":"open","ping_status":"closed","template":"","meta":[],"product_brand":[],"product_cat":[67],"product_tag":[81,78],"class_list":{"0":"post-8296","1":"product","2":"type-product","3":"status-publish","4":"has-post-thumbnail","6":"product_cat-metal-sehpa","7":"product_tag-krom-ayak","8":"product_tag-zigon-sehpa","10":"first","11":"instock","12":"sale","13":"taxable","14":"shipping-taxable","15":"purchasable","16":"product-type-simple"},"_links":{"self":[{"href":"https:\/\/dincmetalsehpa.com\/index.php\/wp-json\/wp\/v2\/product\/8296","targetHints":{"allow":["GET"]}}],"collection":[{"href":"https:\/\/dincmetalsehpa.com\/index.php\/wp-json\/wp\/v2\/product"}],"about":[{"href":"https:\/\/dincmetalsehpa.com\/index.php\/wp-json\/wp\/v2\/types\/product"}],"replies":[{"embeddable":true,"href":"https:\/\/dincmetalsehpa.com\/index.php\/wp-json\/wp\/v2\/comments?post=8296"}],"wp:featuredmedia":[{"embeddable":true,"href":"https:\/\/dincmetalsehpa.com\/index.php\/wp-json\/wp\/v2\/media\/8297"}],"wp:attachment":[{"href":"https:\/\/dincmetalsehpa.com\/index.php\/wp-json\/wp\/v2\/media?parent=8296"}],"wp:term":[{"taxonomy":"product_brand","embeddable":true,"href":"https:\/\/dincmetalsehpa.com\/index.php\/wp-json\/wp\/v2\/product_brand?post=8296"},{"taxonomy":"product_cat","embeddable":true,"href":"https:\/\/dincmetalsehpa.com\/index.php\/wp-json\/wp\/v2\/product_cat?post=8296"},{"taxonomy":"product_tag","embeddable":true,"href":"https:\/\/dincmetalsehpa.com\/index.php\/wp-json\/wp\/v2\/product_tag?post=8296"}],"curies":[{"name":"wp","href":"https:\/\/api.w.org\/{rel}","templated":true}]}}