{"id":8139,"date":"2022-08-08T11:03:43","date_gmt":"2022-08-08T08:03:43","guid":{"rendered":"https:\/\/dincmetalsehpa.com\/?post_type=product&#038;p=8139"},"modified":"2026-01-15T12:34:32","modified_gmt":"2026-01-15T09:34:32","slug":"dinc-metal-sehpa-ankara-tekerlekli-c-sehpa-krom-dortlu-zigon-sehpa-servis-sehpasiyan-sehpa","status":"publish","type":"product","link":"https:\/\/dincmetalsehpa.com\/index.php\/urun\/dinc-metal-sehpa-ankara-tekerlekli-c-sehpa-krom-dortlu-zigon-sehpa-servis-sehpasiyan-sehpa\/","title":{"rendered":"Din\u00e7 Metal Sehpa Tekerlekli C Sehpa Krom, D\u00f6rtl\u00fc, Zigon Sehpa, Servis Sehpas\u0131,yan Sehpa"},"content":{"rendered":"<ul class=\"detail-desc-list two-columns\">\n<li>\u00dcr\u00fcn Krom kaplamad\u0131r.<\/li>\n<li>\u00dcst\u00fc ise Beyaz mebrand\u0131r.<\/li>\n<li>Dekoratif yap\u0131s\u0131yla bulundu\u011fu ortama \u015f\u0131kl\u0131k katar.<\/li>\n<li>Sa\u011flam yap\u0131s\u0131yla uzun y\u0131llar kullanabilirsiniz.<\/li>\n<li>\u00d6zel dizayn\u0131 sayesinde sallanma ve devrilme gibi sorunlar olu\u015fmaz.<\/li>\n<li>Keyifli bir \u015fekilde i\u00e7ece\u011finizi i\u00e7ebilir, yeme\u011finizi yer kitab\u0131n\u0131z\u0131 okuyabilirsiniz.<\/li>\n<li>Bilgisayar,tablet ve telefon kullan\u0131m\u0131 konusunda rahatl\u0131k sa\u011flar.<\/li>\n<li>Kumanda, telefon, tablet vb \u00fcr\u00fcnlerinizi \u00fczerine koyarak size yak\u0131n olmas\u0131n\u0131 sa\u011flayabilirsiz.<\/li>\n<li>Bu \u00fcr\u00fcn ile salon, yatak odan\u0131z\u0131, oturma odan\u0131z\u0131 daha dekoratif hale getirebilirsiniz.<\/li>\n<li>Ev i\u00e7erisinde rahatl\u0131\u011f\u0131 ve pratikli\u011fi sa\u011flarken, modern bir dekor sunar.<\/li>\n<li>Tekerlekli yap\u0131s\u0131yla kolayca hareket ettirilir.<\/li>\n<li>tekerlek boyutu 2 cm dir koltu\u011fun alt\u0131na giren k\u0131s\u0131m ise yerden 3.5 cm dir. Sehpa \u00f6l\u00e7\u00fcleri ise en b\u00fcy\u00fck olan sehpa y\u00fck.59 cm en. 56 cm boy 42.5 cm b\u00fcy\u00fck olan sehpa y\u00fck. 53 cm en.50 cm boy. 41 cm orta sehpa y\u00fck. 48 cm en. 45 cm boy. 40 cm k\u00fc\u00e7\u00fck sehpa y\u00fck. 43 cm en . 37cm boy 38 cm \u00f6l\u00e7\u00fcmler tekerlek dahildir.<\/li>\n<\/ul>\n","protected":false},"excerpt":{"rendered":"<p>\u00dcr\u00fcn Krom kaplamad\u0131r. \u00dcst\u00fc ise Beyaz mebrand\u0131r. Dekoratif yap\u0131s\u0131yla bulundu\u011fu ortama \u015f\u0131kl\u0131k katar. Sa\u011flam yap\u0131s\u0131yla uzun y\u0131llar kullanabilirsiniz. \u00d6zel dizayn\u0131<\/p>\n","protected":false},"featured_media":8141,"comment_status":"open","ping_status":"closed","template":"","meta":[],"product_brand":[],"product_cat":[67],"product_tag":[],"class_list":{"0":"post-8139","1":"product","2":"type-product","3":"status-publish","4":"has-post-thumbnail","6":"product_cat-metal-sehpa","8":"first","9":"instock","10":"sale","11":"taxable","12":"shipping-taxable","13":"purchasable","14":"product-type-simple"},"_links":{"self":[{"href":"https:\/\/dincmetalsehpa.com\/index.php\/wp-json\/wp\/v2\/product\/8139","targetHints":{"allow":["GET"]}}],"collection":[{"href":"https:\/\/dincmetalsehpa.com\/index.php\/wp-json\/wp\/v2\/product"}],"about":[{"href":"https:\/\/dincmetalsehpa.com\/index.php\/wp-json\/wp\/v2\/types\/product"}],"replies":[{"embeddable":true,"href":"https:\/\/dincmetalsehpa.com\/index.php\/wp-json\/wp\/v2\/comments?post=8139"}],"wp:featuredmedia":[{"embeddable":true,"href":"https:\/\/dincmetalsehpa.com\/index.php\/wp-json\/wp\/v2\/media\/8141"}],"wp:attachment":[{"href":"https:\/\/dincmetalsehpa.com\/index.php\/wp-json\/wp\/v2\/media?parent=8139"}],"wp:term":[{"taxonomy":"product_brand","embeddable":true,"href":"https:\/\/dincmetalsehpa.com\/index.php\/wp-json\/wp\/v2\/product_brand?post=8139"},{"taxonomy":"product_cat","embeddable":true,"href":"https:\/\/dincmetalsehpa.com\/index.php\/wp-json\/wp\/v2\/product_cat?post=8139"},{"taxonomy":"product_tag","embeddable":true,"href":"https:\/\/dincmetalsehpa.com\/index.php\/wp-json\/wp\/v2\/product_tag?post=8139"}],"curies":[{"name":"wp","href":"https:\/\/api.w.org\/{rel}","templated":true}]}}