{"id":8076,"date":"2022-04-27T08:24:36","date_gmt":"2022-04-27T05:24:36","guid":{"rendered":"https:\/\/dincmetalsehpa.com\/?post_type=product&#038;p=8076"},"modified":"2026-01-15T12:34:54","modified_gmt":"2026-01-15T09:34:54","slug":"c-sehpa-gold-dortlu-zigon-sehpa-servis-sehpasiyan-sehpa","status":"publish","type":"product","link":"https:\/\/dincmetalsehpa.com\/index.php\/urun\/c-sehpa-gold-dortlu-zigon-sehpa-servis-sehpasiyan-sehpa\/","title":{"rendered":"C Sehpa Gold, D\u00f6rtl\u00fc, Zigon Sehpa, Servis Sehpas\u0131,yan Sehpa"},"content":{"rendered":"<ul class=\"detail-desc-list two-columns\">\n<li>C sehpa tekerlekli yap\u0131s\u0131yla rahat\u00e7a hareket ederek koltu\u011fun alt\u0131na girer ve ergonomik rahat kullan\u0131m sunar.<\/li>\n<li>\u00dcr\u00fcn gold kaplamad\u0131r.<\/li>\n<li>\u00dcr\u00fcn \u00fcst\u00fc beyaz mebrand\u0131r.<\/li>\n<li>Dekoratif yap\u0131s\u0131yla bulundu\u011fu ortama \u015f\u0131kl\u0131k katar.<\/li>\n<li>Sa\u011flam yap\u0131s\u0131yla uzun y\u0131llar kullanabilirsiniz.<\/li>\n<li>\u00d6zel dizayn\u0131 sayesinde sallanma ve devrilme gibi sorunlar olu\u015fmaz.<\/li>\n<li>Keyifli bir \u015fekilde i\u00e7ece\u011finizi i\u00e7ebilir, yeme\u011finizi yer kitab\u0131n\u0131z\u0131 okuyabilirsiniz.<\/li>\n<li>Bilgisayar,tablet ve telefon kullan\u0131m\u0131 konusunda rahatl\u0131k sa\u011flar.<\/li>\n<li>Kumanda, telefon, tablet vb \u00fcr\u00fcnlerinizi \u00fczerine koyarak size yak\u0131n olmas\u0131n\u0131 sa\u011flayabilirsiz.<\/li>\n<li>Bu \u00fcr\u00fcn ile salon, yatak odan\u0131z\u0131, oturma odan\u0131z\u0131 daha dekoratif hale getirebilirsiniz.<\/li>\n<li>Ev i\u00e7erisinde rahatl\u0131\u011f\u0131 ve pratikli\u011fi sa\u011flarken, modern bir dekor sunar.<\/li>\n<li>Tekerlekli yap\u0131s\u0131yla kolayca hareket ettirilir.<\/li>\n<li>Malzeme : Iskeleti metalden \u00fcretilmi\u015ftir.\u00dcst k\u0131sm\u0131 ise mebran kaplamad\u0131r. \u00dcr\u00fcn \u00f6l\u00e7\u00fcleri: Yerden y\u00fckseli\u011fi: 60 cm paket i\u00e7eri\u011fi:(4 adet koltuk sehpas\u0131 g\u00f6nderilecektir.). \u00dcr\u00fcn montal\u0131 bir \u015fekilde g\u00f6nderilmektedir.. \u00fcr\u00fcn temizli\u011fi: Az miktarda hafif nemli bez ile siliniz. Temiz bir bez ile kurulay\u0131n\u0131z.<\/li>\n<\/ul>\n","protected":false},"excerpt":{"rendered":"<p>C sehpa tekerlekli yap\u0131s\u0131yla rahat\u00e7a hareket ederek koltu\u011fun alt\u0131na girer ve ergonomik rahat kullan\u0131m sunar. \u00dcr\u00fcn gold kaplamad\u0131r. \u00dcr\u00fcn \u00fcst\u00fc<\/p>\n","protected":false},"featured_media":8077,"comment_status":"open","ping_status":"closed","template":"","meta":[],"product_brand":[],"product_cat":[67],"product_tag":[74,73],"class_list":{"0":"post-8076","1":"product","2":"type-product","3":"status-publish","4":"has-post-thumbnail","6":"product_cat-metal-sehpa","7":"product_tag-beyaz-balon-kapak","8":"product_tag-gold-kaplama","10":"first","11":"instock","12":"sale","13":"taxable","14":"shipping-taxable","15":"purchasable","16":"product-type-simple"},"_links":{"self":[{"href":"https:\/\/dincmetalsehpa.com\/index.php\/wp-json\/wp\/v2\/product\/8076","targetHints":{"allow":["GET"]}}],"collection":[{"href":"https:\/\/dincmetalsehpa.com\/index.php\/wp-json\/wp\/v2\/product"}],"about":[{"href":"https:\/\/dincmetalsehpa.com\/index.php\/wp-json\/wp\/v2\/types\/product"}],"replies":[{"embeddable":true,"href":"https:\/\/dincmetalsehpa.com\/index.php\/wp-json\/wp\/v2\/comments?post=8076"}],"wp:featuredmedia":[{"embeddable":true,"href":"https:\/\/dincmetalsehpa.com\/index.php\/wp-json\/wp\/v2\/media\/8077"}],"wp:attachment":[{"href":"https:\/\/dincmetalsehpa.com\/index.php\/wp-json\/wp\/v2\/media?parent=8076"}],"wp:term":[{"taxonomy":"product_brand","embeddable":true,"href":"https:\/\/dincmetalsehpa.com\/index.php\/wp-json\/wp\/v2\/product_brand?post=8076"},{"taxonomy":"product_cat","embeddable":true,"href":"https:\/\/dincmetalsehpa.com\/index.php\/wp-json\/wp\/v2\/product_cat?post=8076"},{"taxonomy":"product_tag","embeddable":true,"href":"https:\/\/dincmetalsehpa.com\/index.php\/wp-json\/wp\/v2\/product_tag?post=8076"}],"curies":[{"name":"wp","href":"https:\/\/api.w.org\/{rel}","templated":true}]}}