{"id":7893,"date":"2022-03-04T22:34:09","date_gmt":"2022-03-04T19:34:09","guid":{"rendered":"https:\/\/dincmetalsehpa.com\/?post_type=product&#038;p=7893"},"modified":"2026-01-15T12:35:19","modified_gmt":"2026-01-15T09:35:19","slug":"kare-yavrulu-orta-sehpa","status":"publish","type":"product","link":"https:\/\/dincmetalsehpa.com\/index.php\/urun\/kare-yavrulu-orta-sehpa\/","title":{"rendered":"Kare Yavrulu Orta Sehpa Krom Ayak F\u00fcme Ayna"},"content":{"rendered":"<p>\u00dcr\u00fcn Krom kaplamad\u0131r.<\/p>\n<p>\u00dcr\u00fcn \u00fczeri F\u00fcme aynad\u0131r.<\/p>\n<p>\u00dcr\u00fcn \u00f6l\u00e7\u00fcleri 85.85.47 cmdir.<\/p>\n<p>\u00dcr\u00fcn uzun y\u0131llar kullanabilmek i\u00e7in nemli bez ile siliniz kuru bez ile kurulay\u0131n\u0131z.<\/p>\n","protected":false},"excerpt":{"rendered":"<p>\u00dcr\u00fcn Krom kaplamad\u0131r. \u00dcr\u00fcn \u00fczeri F\u00fcme aynad\u0131r. \u00dcr\u00fcn \u00f6l\u00e7\u00fcleri 85.85.47 cmdir. \u00dcr\u00fcn uzun y\u0131llar kullanabilmek i\u00e7in nemli bez ile siliniz<\/p>\n","protected":false},"featured_media":8166,"comment_status":"open","ping_status":"closed","template":"","meta":[],"product_brand":[],"product_cat":[77,67],"product_tag":[82,81],"class_list":{"0":"post-7893","1":"product","2":"type-product","3":"status-publish","4":"has-post-thumbnail","6":"product_cat-orta-sehpa","7":"product_cat-metal-sehpa","8":"product_tag-fume-ayna","9":"product_tag-krom-ayak","11":"first","12":"instock","13":"sale","14":"taxable","15":"shipping-taxable","16":"purchasable","17":"product-type-simple"},"_links":{"self":[{"href":"https:\/\/dincmetalsehpa.com\/index.php\/wp-json\/wp\/v2\/product\/7893","targetHints":{"allow":["GET"]}}],"collection":[{"href":"https:\/\/dincmetalsehpa.com\/index.php\/wp-json\/wp\/v2\/product"}],"about":[{"href":"https:\/\/dincmetalsehpa.com\/index.php\/wp-json\/wp\/v2\/types\/product"}],"replies":[{"embeddable":true,"href":"https:\/\/dincmetalsehpa.com\/index.php\/wp-json\/wp\/v2\/comments?post=7893"}],"wp:featuredmedia":[{"embeddable":true,"href":"https:\/\/dincmetalsehpa.com\/index.php\/wp-json\/wp\/v2\/media\/8166"}],"wp:attachment":[{"href":"https:\/\/dincmetalsehpa.com\/index.php\/wp-json\/wp\/v2\/media?parent=7893"}],"wp:term":[{"taxonomy":"product_brand","embeddable":true,"href":"https:\/\/dincmetalsehpa.com\/index.php\/wp-json\/wp\/v2\/product_brand?post=7893"},{"taxonomy":"product_cat","embeddable":true,"href":"https:\/\/dincmetalsehpa.com\/index.php\/wp-json\/wp\/v2\/product_cat?post=7893"},{"taxonomy":"product_tag","embeddable":true,"href":"https:\/\/dincmetalsehpa.com\/index.php\/wp-json\/wp\/v2\/product_tag?post=7893"}],"curies":[{"name":"wp","href":"https:\/\/api.w.org\/{rel}","templated":true}]}}