{"id":7889,"date":"2022-03-04T22:32:28","date_gmt":"2022-03-04T19:32:28","guid":{"rendered":"https:\/\/dincmetalsehpa.com\/?post_type=product&#038;p=7889"},"modified":"2026-01-15T12:35:30","modified_gmt":"2026-01-15T09:35:30","slug":"orta-sehpa","status":"publish","type":"product","link":"https:\/\/dincmetalsehpa.com\/index.php\/urun\/orta-sehpa\/","title":{"rendered":"Ceylin Telli Zigon Sehpa Siyah Ayak F\u00fcme Ayna"},"content":{"rendered":"<p>Siyah metal ayakl\u0131,aynal\u0131,3\u2019l\u00fc zigon sehpa 3 adet sehpadan olu\u015fmaktad\u0131r. \u00dcr\u00fcn\u00fcn \u00fcst k\u0131sm\u0131nda F\u00fcme ayna bulunmaktad\u0131r. Ayaklar metal profil \u00fczeri siyah statik boyad\u0131r.<\/p>\n<p>\u00dcr\u00fcn boyutlar\u0131(\u00fcst sehpa):Y\u00fckseklik; 56 cm \u00c7ap 47 cm Orta sehpa; Y\u00fckseklik; 51 cm \u00c7ap 38 cm K\u00fc\u00e7\u00fck sehpa ; Y\u00fckseklik; 45 cm \u00c7ap\u0131 32 cm<\/p>\n<p>\u00dcr\u00fcn kurulu olarak g\u00f6nderilmektedir. Uzun y\u0131llar g\u00fcvenle kullanabilirsiniz. \u00dcr\u00fcn bak\u0131m\u0131 Mobilyalar\u0131n\u0131z\u0131 nemli bezle silerek temizleyebilirsiniz. Direkt g\u00fcne\u015f \u0131\u015f\u0131\u011f\u0131ndan koruyunuz. S\u0131cak y\u00fczeylerin ve suyun uzun s\u00fcreli y\u00fczeye temas\u0131ndan ka\u00e7\u0131n\u0131n\u0131z.<\/p>\n","protected":false},"excerpt":{"rendered":"<p>Siyah metal ayakl\u0131,aynal\u0131,3\u2019l\u00fc zigon sehpa 3 adet sehpadan olu\u015fmaktad\u0131r. \u00dcr\u00fcn\u00fcn \u00fcst k\u0131sm\u0131nda F\u00fcme ayna bulunmaktad\u0131r. Ayaklar metal profil \u00fczeri siyah<\/p>\n","protected":false},"featured_media":7891,"comment_status":"open","ping_status":"closed","template":"","meta":[],"product_brand":[],"product_cat":[67],"product_tag":[],"class_list":{"0":"post-7889","1":"product","2":"type-product","3":"status-publish","4":"has-post-thumbnail","6":"product_cat-metal-sehpa","8":"first","9":"instock","10":"sale","11":"taxable","12":"shipping-taxable","13":"purchasable","14":"product-type-simple"},"_links":{"self":[{"href":"https:\/\/dincmetalsehpa.com\/index.php\/wp-json\/wp\/v2\/product\/7889","targetHints":{"allow":["GET"]}}],"collection":[{"href":"https:\/\/dincmetalsehpa.com\/index.php\/wp-json\/wp\/v2\/product"}],"about":[{"href":"https:\/\/dincmetalsehpa.com\/index.php\/wp-json\/wp\/v2\/types\/product"}],"replies":[{"embeddable":true,"href":"https:\/\/dincmetalsehpa.com\/index.php\/wp-json\/wp\/v2\/comments?post=7889"}],"wp:featuredmedia":[{"embeddable":true,"href":"https:\/\/dincmetalsehpa.com\/index.php\/wp-json\/wp\/v2\/media\/7891"}],"wp:attachment":[{"href":"https:\/\/dincmetalsehpa.com\/index.php\/wp-json\/wp\/v2\/media?parent=7889"}],"wp:term":[{"taxonomy":"product_brand","embeddable":true,"href":"https:\/\/dincmetalsehpa.com\/index.php\/wp-json\/wp\/v2\/product_brand?post=7889"},{"taxonomy":"product_cat","embeddable":true,"href":"https:\/\/dincmetalsehpa.com\/index.php\/wp-json\/wp\/v2\/product_cat?post=7889"},{"taxonomy":"product_tag","embeddable":true,"href":"https:\/\/dincmetalsehpa.com\/index.php\/wp-json\/wp\/v2\/product_tag?post=7889"}],"curies":[{"name":"wp","href":"https:\/\/api.w.org\/{rel}","templated":true}]}}