{"id":7886,"date":"2022-03-04T22:29:14","date_gmt":"2022-03-04T19:29:14","guid":{"rendered":"https:\/\/dincmetalsehpa.com\/?post_type=product&#038;p=7886"},"modified":"2026-01-15T12:36:03","modified_gmt":"2026-01-15T09:36:03","slug":"zigon-sehpa","status":"publish","type":"product","link":"https:\/\/dincmetalsehpa.com\/index.php\/urun\/zigon-sehpa\/","title":{"rendered":"Ceylin Telli Zigon Krom Ayak"},"content":{"rendered":"<p>Krom metal ayakl\u0131,aynal\u0131,3&#8217;l\u00fc zigon sehpa 3 adet sehpadan olu\u015fmaktad\u0131r. \u00dcr\u00fcn\u00fcn \u00fcst k\u0131sm\u0131nda ayna bulunmaktad\u0131r. Ayaklar metal profil \u00fczeri krom kaplamad\u0131r.<\/p>\n<p>\u00dcr\u00fcn boyutlar\u0131(\u00fcst sehpa):Y\u00fckseklik; 56 cm \u00c7ap 47 cm Orta sehpa; Y\u00fckseklik; 51 cm \u00c7ap 38 cm K\u00fc\u00e7\u00fck sehpa ; Y\u00fckseklik; 45 cm \u00c7ap\u0131 32 cm<\/p>\n<p>\u00dcr\u00fcn kurulu olarak g\u00f6nderilmektedir. Uzun y\u0131llar g\u00fcvenle kullanabilirsiniz. \u00dcr\u00fcn bak\u0131m\u0131 Mobilyalar\u0131n\u0131z\u0131 nemli bezle silerek temizleyebilirsiniz. Direkt g\u00fcne\u015f \u0131\u015f\u0131\u011f\u0131ndan koruyunuz. S\u0131cak y\u00fczeylerin ve suyun uzun s\u00fcreli y\u00fczeye temas\u0131ndan ka\u00e7\u0131n\u0131n\u0131z.<\/p>\n","protected":false},"excerpt":{"rendered":"<p>\u00dcr\u00fcn krom kaplamad\u0131r.<\/p>\n<p>\u00dcr\u00fcn \u00fczeri f\u00fcme aynad\u0131r.<\/p>\n<p>&nbsp;<\/p>\n","protected":false},"featured_media":7888,"comment_status":"open","ping_status":"closed","template":"","meta":[],"product_brand":[],"product_cat":[67],"product_tag":[72,70],"class_list":{"0":"post-7886","1":"product","2":"type-product","3":"status-publish","4":"has-post-thumbnail","6":"product_cat-metal-sehpa","7":"product_tag-fume-aynali","8":"product_tag-krom-metal-ayakli","10":"first","11":"instock","12":"sale","13":"taxable","14":"shipping-taxable","15":"purchasable","16":"product-type-simple"},"_links":{"self":[{"href":"https:\/\/dincmetalsehpa.com\/index.php\/wp-json\/wp\/v2\/product\/7886","targetHints":{"allow":["GET"]}}],"collection":[{"href":"https:\/\/dincmetalsehpa.com\/index.php\/wp-json\/wp\/v2\/product"}],"about":[{"href":"https:\/\/dincmetalsehpa.com\/index.php\/wp-json\/wp\/v2\/types\/product"}],"replies":[{"embeddable":true,"href":"https:\/\/dincmetalsehpa.com\/index.php\/wp-json\/wp\/v2\/comments?post=7886"}],"wp:featuredmedia":[{"embeddable":true,"href":"https:\/\/dincmetalsehpa.com\/index.php\/wp-json\/wp\/v2\/media\/7888"}],"wp:attachment":[{"href":"https:\/\/dincmetalsehpa.com\/index.php\/wp-json\/wp\/v2\/media?parent=7886"}],"wp:term":[{"taxonomy":"product_brand","embeddable":true,"href":"https:\/\/dincmetalsehpa.com\/index.php\/wp-json\/wp\/v2\/product_brand?post=7886"},{"taxonomy":"product_cat","embeddable":true,"href":"https:\/\/dincmetalsehpa.com\/index.php\/wp-json\/wp\/v2\/product_cat?post=7886"},{"taxonomy":"product_tag","embeddable":true,"href":"https:\/\/dincmetalsehpa.com\/index.php\/wp-json\/wp\/v2\/product_tag?post=7886"}],"curies":[{"name":"wp","href":"https:\/\/api.w.org\/{rel}","templated":true}]}}